{"id":8,"date":"2025-02-25T19:21:45","date_gmt":"2025-02-25T16:21:45","guid":{"rendered":"http:\/\/spanish-life.estate\/?page_id=8"},"modified":"2026-03-20T18:31:42","modified_gmt":"2026-03-20T15:31:42","slug":"glavnaya","status":"publish","type":"page","link":"https:\/\/spanish-life.estate\/es\/","title":{"rendered":"Hogar"},"content":{"rendered":"<p>La Agencia Inmobiliaria Spanish Life es un equipo de profesionales inmobiliarios con m\u00e1s de 10 a\u00f1os de experiencia, una red de oficinas en diferentes regiones de Espa\u00f1a (Benidorm, Valencia y M\u00e1laga), y un sitio web inmobiliario en Espa\u00f1a con un cat\u00e1logo que recopila decenas de ofertas actuales. Adem\u00e1s, tenemos cientos de clientes satisfechos a quienes los agentes de Spanish Life han ayudado a comprar o vender, alquilar o arrendar propiedades en Espa\u00f1a.<\/p>\n<h2>Por qu\u00e9 elegir nuestra agencia inmobiliaria en Espa\u00f1a<\/h2>\n<p>Spanish Life, una agencia especializada en inmuebles de lujo, es su socio confiable para hacer realidad el sue\u00f1o de tener apartamentos o villas en la costa del Mediterr\u00e1neo. Nuestros agentes inmobiliarios encontrar\u00e1n propiedades seg\u00fan su solicitud, lo ayudar\u00e1n a completar el proceso de compra de manera r\u00e1pida, c\u00f3moda y segura, y ser\u00e1n su gu\u00eda hacia la comunidad local.<\/p>\n<h3>Hablamos su idioma<\/h3>\n<p>Olv\u00eddese de la barrera del idioma que dificulta la comunicaci\u00f3n con los vendedores, abogados, notarios, banquero o al revisar documentos en espa\u00f1ol. Gracias a la agencia inmobiliaria Spanish Life, esto no es un problema, nuestros especialistas hablan varios idiomas, el sitio web tambi\u00e9n es multiling\u00fce, y puede elegir la versi\u00f3n de idioma que m\u00e1s le convenga:<\/p>\n<ul>\n<li>Espa\u00f1ol;<\/li>\n<li>Ingl\u00e9s;<\/li>\n<li>Ucraniano;<\/li>\n<li>Ruso.<\/li>\n<\/ul>\n<p>Brindamos consultas y acompa\u00f1amos las transacciones en su idioma, ayudando a personas de diferentes pa\u00edses a lograr el entendimiento mutuo.<\/p>\n<h3>Soporte completo en transacciones<\/h3>\n<p>No solo publicamos anuncios sobre propiedades, seleccionamos inmuebles en diferentes categor\u00edas (nuevas construcciones, vivienda secundaria, inmuebles comerciales) y los mostramos. Desde el momento en que elija la propiedad hasta el momento de recibir las llaves, nuestros especialistas, abogados y financieros estar\u00e1n a su lado:<\/p>\n<ul>\n<li>Le ayudaremos a planificar los gastos y calcular el costo total teniendo en cuenta impuestos, tarifas de registro y honorarios notariales;<\/li>\n<li>Redactaremos un contrato de reserva que garantice el anticipo, asegurando que nadie \u00able quite\u00bb la propiedad elegida;<\/li>\n<li>Le ayudaremos a obtener el NIE (N\u00famero de Identificaci\u00f3n de Extranjero) en la oficina de inmigraci\u00f3n, un documento obligatorio para realizar cualquier operaci\u00f3n financiera o legal de no residentes en Espa\u00f1a;<\/li>\n<li>Le acompa\u00f1aremos al banco de confianza donde podr\u00e1 abrir su cuenta y le ayudaremos a comunicarse con los empleados bancarios;<\/li>\n<li>Realizaremos una verificaci\u00f3n legal de la propiedad elegida para protegerle de vendedores fraudulentos (verificando los derechos de propiedad y la ausencia de cargas);<\/li>\n<li>Estaremos a su lado al firmar los contratos preliminares y finales;<\/li>\n<li>Le explicaremos todos los detalles sobre el pago del impuesto anual sobre la propiedad (IBI).<\/li>\n<\/ul>\n<p>Los servicios de nuestra agencia inmobiliaria en Espa\u00f1a no se limitan a los tr\u00e1mites legales y financieros que son inevitables al realizar transacciones. Revelaremos muchos secretos que le ayudar\u00e1n a adaptarse m\u00e1s r\u00e1pidamente y a hacer nuevos amigos.<\/p>\n<h3>Agentes inmobiliarios en Espa\u00f1a con a\u00f1os de experiencia<\/h3>\n<p>En el equipo de nuestra agencia inmobiliaria en Espa\u00f1a no solo contamos con agentes inmobiliarios, sino con expertos con un s\u00f3lido portafolio. Cada especialista de Spanish Life tiene m\u00e1s de 7 a\u00f1os de experiencia, y nuestro principal consultor tiene m\u00e1s de 15 a\u00f1os de experiencia. Nuestros agentes han realizado cientos de transacciones exitosas y poseen un profundo conocimiento del mercado inmobiliario local. Nuestros agentes tienen conocimientos expertos sobre diversas regiones de Espa\u00f1a, desde la din\u00e1mica Benidorm hasta la cultural Valencia y la soleada M\u00e1laga.<\/p>\n<h2>Servicios de la agencia inmobiliaria Spanish Life<\/h2>\n<p>Nuestra agencia inmobiliaria en Espa\u00f1a ofrece un conjunto completo de servicios a quienes desean comprar propiedades para su uso personal o para invertir:<\/p>\n<ul>\n<li>Selecci\u00f3n personalizada de viviendas seg\u00fan su presupuesto y estilo de vida \u2013 viviendas secundarias y nuevas construcciones, estudios econ\u00f3micos, apartamentos, casas adosadas o villas y casas de lujo en diversas ubicaciones;<\/li>\n<li>Consultor\u00eda para aquellos que deseen invertir en inmuebles en Espa\u00f1a, an\u00e1lisis de mercado y desarrollo de una estrategia de inversi\u00f3n;<\/li>\n<li>Compra de propiedades con soporte completo en la transacci\u00f3n;<\/li>\n<li><a href=\"https:\/\/spanish-life.estate\/es\/sale\/apartments\/\">Venta de apartamentos<\/a> y otros tipos de inmuebles, b\u00fasqueda de compradores en Espa\u00f1a y en el extranjero;<\/li>\n<li>Compra remota con visitas virtuales online y firma por poder;<\/li>\n<li>Gesti\u00f3n de alquileres para quienes deseen obtener ingresos pasivos de la inversi\u00f3n en inmuebles en Espa\u00f1a;<\/li>\n<li>Asistencia para obtener cr\u00e9dito hipotecario, selecci\u00f3n de los mejores programas;<\/li>\n<li>Interacci\u00f3n con los principales bancos y compa\u00f1\u00edas de seguros;<\/li>\n<li>Reparaci\u00f3n, amueblado y acondicionamiento de propiedades;<\/li>\n<li>Soporte para la obtenci\u00f3n de NIE, residencia y empadronamiento.<\/li>\n<\/ul>\n<p>Visite el sitio web de ventas de inmuebles en Espa\u00f1a para explorar el cat\u00e1logo de ofertas, escriba en el chat o solicite una devoluci\u00f3n de llamada para obtener una consulta. Suscr\u00edbase a las noticias de la agencia inmobiliaria Spanish Life. \u00a1Nuestro conocimiento y experiencia est\u00e1n a su servicio!<\/p>\n<div id=\"gtx-trans\" style=\"position: absolute; left: 616px; top: 95.8722px;\">\n<div class=\"gtx-trans-icon\"><\/div>\n<\/div>\n<p><\/p>","protected":false},"excerpt":{"rendered":"<p>La Agencia Inmobiliaria Spanish Life es un equipo de profesionales inmobiliarios con m\u00e1s de 10 a\u00f1os de experiencia, una red de oficinas en diferentes regiones de Espa\u00f1a (Benidorm, Valencia y M\u00e1laga), y un sitio web inmobiliario en Espa\u00f1a con un cat\u00e1logo que recopila decenas de ofertas actuales. Adem\u00e1s, tenemos cientos de clientes satisfechos a quienes\u2026<\/p>\n","protected":false},"author":1,"featured_media":5913,"parent":0,"menu_order":0,"comment_status":"closed","ping_status":"closed","template":"","meta":{"footnotes":""},"class_list":["post-8","page","type-page","status-publish","has-post-thumbnail","hentry"],"_links":{"self":[{"href":"https:\/\/spanish-life.estate\/es\/wp-json\/wp\/v2\/pages\/8","targetHints":{"allow":["GET"]}}],"collection":[{"href":"https:\/\/spanish-life.estate\/es\/wp-json\/wp\/v2\/pages"}],"about":[{"href":"https:\/\/spanish-life.estate\/es\/wp-json\/wp\/v2\/types\/page"}],"author":[{"embeddable":true,"href":"https:\/\/spanish-life.estate\/es\/wp-json\/wp\/v2\/users\/1"}],"replies":[{"embeddable":true,"href":"https:\/\/spanish-life.estate\/es\/wp-json\/wp\/v2\/comments?post=8"}],"version-history":[{"count":5,"href":"https:\/\/spanish-life.estate\/es\/wp-json\/wp\/v2\/pages\/8\/revisions"}],"predecessor-version":[{"id":10250,"href":"https:\/\/spanish-life.estate\/es\/wp-json\/wp\/v2\/pages\/8\/revisions\/10250"}],"wp:featuredmedia":[{"embeddable":true,"href":"https:\/\/spanish-life.estate\/es\/wp-json\/wp\/v2\/media\/5913"}],"wp:attachment":[{"href":"https:\/\/spanish-life.estate\/es\/wp-json\/wp\/v2\/media?parent=8"}],"curies":[{"name":"wp","href":"https:\/\/api.w.org\/{rel}","templated":true}]}}